{"id":9273,"date":"2023-11-30T09:34:50","date_gmt":"2023-11-30T09:34:50","guid":{"rendered":"https:\/\/www.lisegarguil.com\/blog\/?page_id=9273"},"modified":"2023-11-30T09:46:26","modified_gmt":"2023-11-30T09:46:26","slug":"famille-studio-fine-art-et-mode","status":"publish","type":"page","link":"https:\/\/www.lisegarguil.com\/blog\/famille-studio-fine-art-et-mode\/","title":{"rendered":"Famille Studio Fine Art et Mode"},"content":{"rendered":"\n<p><em>La photographie <\/em><strong><em>Fine Art, ou photographie d\u2019Art en studio <\/em><\/strong><em>avec cr\u00e9ation de plusieurs d\u00e9cors ou \u00ab&nbsp;tableaux&nbsp;\u00bb originaux, travail de la lumi\u00e8re pouss\u00e9, poses tr\u00e8s pr\u00e9cises, retouches sp\u00e9cifiques premium. Les flashs sont l\u2019outil cr\u00e9atif principal pour ces shootings photos.<\/em><\/p>\n\n\n\n<p>Ce type de s\u00e9ance s\u2019adresse aux familles souhaitant cr\u00e9er des images d\u2019Art fortes qui les repr\u00e9sentent. Pour les b\u00e9b\u00e9s \u00e0 partir de 3 mois et enfants de n\u2019importe quel \u00e2ges. Il est tout de m\u00eame important de noter que la p\u00e9riode entre 18 mois et 3 ans peut-\u00eatre probl\u00e9matique pour certains enfant, le studio peut ne pas \u00eatre le type de s\u00e9ance le plus adapt\u00e9. Pour eux je conseille plut\u00f4t la S\u00e9ance Family Star\/Love en ext\u00e9rieur aux beaux jours, ou la s\u00e9ance Lifestyle Boh\u00e8me en studio, o\u00f9 ils seront plus libres de leurs mouvements.<\/p>\n\n\n\n<p>Le studio met \u00e0 votre disposition des robes, bodies, vestes, et voiles. Plusieurs robes pour les petites filles sont \u00e9galement disponibles, ainsi que des tenues pour les 9-18mois.<\/p>\n\n\n\n\n\t\t<style type=\"text\/css\">\n\t\t\t#gallery-1 {\n\t\t\t\tmargin: auto;\n\t\t\t}\n\t\t\t#gallery-1 .gallery-item {\n\t\t\t\tfloat: left;\n\t\t\t\tmargin-top: 10px;\n\t\t\t\ttext-align: center;\n\t\t\t\twidth: 33%;\n\t\t\t}\n\t\t\t#gallery-1 img {\n\t\t\t\tborder: 2px solid #cfcfcf;\n\t\t\t}\n\t\t\t#gallery-1 .gallery-caption {\n\t\t\t\tmargin-left: 0;\n\t\t\t}\n\t\t\t\/* see gallery_shortcode() in wp-includes\/media.php *\/\n\t\t<\/style>\n\t\t<div id='gallery-1' class='gallery galleryid-9273 gallery-columns-3 gallery-size-thumbnail'><dl class='gallery-item'>\n\t\t\t<dt class='gallery-icon portrait'>\n\t\t\t\t<a href='https:\/\/www.lisegarguil.com\/blog\/famille-studio-fine-art-et-mode\/charlotte-photo-famille-lise-garguil018\/'><img loading=\"lazy\" decoding=\"async\" width=\"150\" height=\"150\" src=\"https:\/\/www.lisegarguil.com\/blog\/wp-content\/uploads\/CHARLOTTE-PHOTO-FAMILLE-LISE-GARGUIL018-150x150.jpg\" class=\"attachment-thumbnail size-thumbnail\" alt=\"\" \/><\/a>\n\t\t\t<\/dt><\/dl><dl class='gallery-item'>\n\t\t\t<dt class='gallery-icon portrait'>\n\t\t\t\t<a href='https:\/\/www.lisegarguil.com\/blog\/famille-studio-fine-art-et-mode\/laurie-photo-grossesse-garguil036-2\/'><img loading=\"lazy\" decoding=\"async\" width=\"150\" height=\"150\" src=\"https:\/\/www.lisegarguil.com\/blog\/wp-content\/uploads\/30-9273-page\/LAURIE-PHOTO-GROSSESSE-GARGUIL036-1-150x150.jpg\" class=\"attachment-thumbnail size-thumbnail\" alt=\"\" \/><\/a>\n\t\t\t<\/dt><\/dl><dl class='gallery-item'>\n\t\t\t<dt class='gallery-icon portrait'>\n\t\t\t\t<a href='https:\/\/www.lisegarguil.com\/blog\/famille-studio-fine-art-et-mode\/tara-garguil-lise-photo-nouveau-ne-024-2\/'><img loading=\"lazy\" decoding=\"async\" width=\"150\" height=\"150\" src=\"https:\/\/www.lisegarguil.com\/blog\/wp-content\/uploads\/30-9273-page\/TARA-GARGUIL-LISE-PHOTO-NOUVEAU-NE-024-150x150.jpg\" class=\"attachment-thumbnail size-thumbnail\" alt=\"\" \/><\/a>\n\t\t\t<\/dt><\/dl><br style=\"clear: both\" \/><dl class='gallery-item'>\n\t\t\t<dt class='gallery-icon portrait'>\n\t\t\t\t<a href='https:\/\/www.lisegarguil.com\/blog\/famille-studio-fine-art-et-mode\/charlotte-photo-famille-lise-garguil011\/'><img loading=\"lazy\" decoding=\"async\" width=\"150\" height=\"150\" src=\"https:\/\/www.lisegarguil.com\/blog\/wp-content\/uploads\/CHARLOTTE-PHOTO-FAMILLE-LISE-GARGUIL011-150x150.jpg\" class=\"attachment-thumbnail size-thumbnail\" alt=\"\" \/><\/a>\n\t\t\t<\/dt><\/dl><dl class='gallery-item'>\n\t\t\t<dt class='gallery-icon portrait'>\n\t\t\t\t<a href='https:\/\/www.lisegarguil.com\/blog\/famille-studio-fine-art-et-mode\/laurie-photo-grossesse-garguil019-2\/'><img loading=\"lazy\" decoding=\"async\" width=\"150\" height=\"150\" src=\"https:\/\/www.lisegarguil.com\/blog\/wp-content\/uploads\/30-9273-page\/LAURIE-PHOTO-GROSSESSE-GARGUIL019-150x150.jpg\" class=\"attachment-thumbnail size-thumbnail\" alt=\"\" \/><\/a>\n\t\t\t<\/dt><\/dl><dl class='gallery-item'>\n\t\t\t<dt class='gallery-icon portrait'>\n\t\t\t\t<a href='https:\/\/www.lisegarguil.com\/blog\/famille-studio-fine-art-et-mode\/florence-photo-grossesse-lise-garguil054\/'><img loading=\"lazy\" decoding=\"async\" width=\"150\" height=\"150\" src=\"https:\/\/www.lisegarguil.com\/blog\/wp-content\/uploads\/30-9273-page\/FLORENCE-PHOTO-GROSSESSE-LISE-GARGUIL054-150x150.jpg\" class=\"attachment-thumbnail size-thumbnail\" alt=\"\" \/><\/a>\n\t\t\t<\/dt><\/dl><br style=\"clear: both\" \/><dl class='gallery-item'>\n\t\t\t<dt class='gallery-icon portrait'>\n\t\t\t\t<a href='https:\/\/www.lisegarguil.com\/blog\/famille-studio-fine-art-et-mode\/loelia-alya-garguil-lise-mere-fille-032\/'><img loading=\"lazy\" decoding=\"async\" width=\"150\" height=\"150\" src=\"https:\/\/www.lisegarguil.com\/blog\/wp-content\/uploads\/30-9273-page\/LOELIA-ALYA-GARGUIL-LISE-MERE-FILLE-032-150x150.jpg\" class=\"attachment-thumbnail size-thumbnail\" alt=\"\" \/><\/a>\n\t\t\t<\/dt><\/dl><dl class='gallery-item'>\n\t\t\t<dt class='gallery-icon portrait'>\n\t\t\t\t<a href='https:\/\/www.lisegarguil.com\/blog\/famille-studio-fine-art-et-mode\/charlotte-photo-famille-lise-garguil014\/'><img loading=\"lazy\" decoding=\"async\" width=\"150\" height=\"150\" src=\"https:\/\/www.lisegarguil.com\/blog\/wp-content\/uploads\/CHARLOTTE-PHOTO-FAMILLE-LISE-GARGUIL014-150x150.jpg\" class=\"attachment-thumbnail size-thumbnail\" alt=\"\" \/><\/a>\n\t\t\t<\/dt><\/dl><dl class='gallery-item'>\n\t\t\t<dt class='gallery-icon portrait'>\n\t\t\t\t<a href='https:\/\/www.lisegarguil.com\/blog\/famille-studio-fine-art-et-mode\/loelia-alya-garguil-lise-mere-fille-053\/'><img loading=\"lazy\" decoding=\"async\" width=\"150\" height=\"150\" src=\"https:\/\/www.lisegarguil.com\/blog\/wp-content\/uploads\/LOELIA-ALYA-GARGUIL-LISE-MERE-FILLE-053-150x150.jpg\" class=\"attachment-thumbnail size-thumbnail\" alt=\"\" \/><\/a>\n\t\t\t<\/dt><\/dl><br style=\"clear: both\" \/><dl class='gallery-item'>\n\t\t\t<dt class='gallery-icon portrait'>\n\t\t\t\t<a href='https:\/\/www.lisegarguil.com\/blog\/famille-studio-fine-art-et-mode\/charlotte-photo-famille-lise-garguil002\/'><img loading=\"lazy\" decoding=\"async\" width=\"150\" height=\"150\" src=\"https:\/\/www.lisegarguil.com\/blog\/wp-content\/uploads\/30-9273-page\/CHARLOTTE-PHOTO-FAMILLE-LISE-GARGUIL002-150x150.jpg\" class=\"attachment-thumbnail size-thumbnail\" alt=\"\" \/><\/a>\n\t\t\t<\/dt><\/dl><dl class='gallery-item'>\n\t\t\t<dt class='gallery-icon portrait'>\n\t\t\t\t<a href='https:\/\/www.lisegarguil.com\/blog\/famille-studio-fine-art-et-mode\/charlotte-photo-famille-lise-garguil030\/'><img loading=\"lazy\" decoding=\"async\" width=\"150\" height=\"150\" src=\"https:\/\/www.lisegarguil.com\/blog\/wp-content\/uploads\/CHARLOTTE-PHOTO-FAMILLE-LISE-GARGUIL030-150x150.jpg\" class=\"attachment-thumbnail size-thumbnail\" alt=\"\" \/><\/a>\n\t\t\t<\/dt><\/dl><dl class='gallery-item'>\n\t\t\t<dt class='gallery-icon portrait'>\n\t\t\t\t<a href='https:\/\/www.lisegarguil.com\/blog\/famille-studio-fine-art-et-mode\/florence-photo-grossesse-lise-garguil016\/'><img loading=\"lazy\" decoding=\"async\" width=\"150\" height=\"150\" src=\"https:\/\/www.lisegarguil.com\/blog\/wp-content\/uploads\/30-9273-page\/FLORENCE-PHOTO-GROSSESSE-LISE-GARGUIL016-150x150.jpg\" class=\"attachment-thumbnail size-thumbnail\" alt=\"\" \/><\/a>\n\t\t\t<\/dt><\/dl><br style=\"clear: both\" \/><dl class='gallery-item'>\n\t\t\t<dt class='gallery-icon landscape'>\n\t\t\t\t<a href='https:\/\/www.lisegarguil.com\/blog\/famille-studio-fine-art-et-mode\/charlotte-photo-famille-lise-garguil006\/'><img loading=\"lazy\" decoding=\"async\" width=\"150\" height=\"150\" src=\"https:\/\/www.lisegarguil.com\/blog\/wp-content\/uploads\/CHARLOTTE-PHOTO-FAMILLE-LISE-GARGUIL006-150x150.jpg\" class=\"attachment-thumbnail size-thumbnail\" alt=\"\" \/><\/a>\n\t\t\t<\/dt><\/dl><dl class='gallery-item'>\n\t\t\t<dt class='gallery-icon portrait'>\n\t\t\t\t<a href='https:\/\/www.lisegarguil.com\/blog\/famille-studio-fine-art-et-mode\/charlotte-photo-famille-lise-garguil024\/'><img loading=\"lazy\" decoding=\"async\" width=\"150\" height=\"150\" src=\"https:\/\/www.lisegarguil.com\/blog\/wp-content\/uploads\/CHARLOTTE-PHOTO-FAMILLE-LISE-GARGUIL024-150x150.jpg\" class=\"attachment-thumbnail size-thumbnail\" alt=\"\" \/><\/a>\n\t\t\t<\/dt><\/dl><dl class='gallery-item'>\n\t\t\t<dt class='gallery-icon portrait'>\n\t\t\t\t<a href='https:\/\/www.lisegarguil.com\/blog\/famille-studio-fine-art-et-mode\/loelia-alya-garguil-lise-mere-fille-034\/'><img loading=\"lazy\" decoding=\"async\" width=\"150\" height=\"150\" src=\"https:\/\/www.lisegarguil.com\/blog\/wp-content\/uploads\/30-9273-page\/LOELIA-ALYA-GARGUIL-LISE-MERE-FILLE-034-150x150.jpg\" class=\"attachment-thumbnail size-thumbnail\" alt=\"\" \/><\/a>\n\t\t\t<\/dt><\/dl><br style=\"clear: both\" \/>\n\t\t<\/div>\n\n","protected":false},"excerpt":{"rendered":"<p>La photographie Fine Art, ou photographie d\u2019Art en studio avec cr\u00e9ation de plusieurs d\u00e9cors ou \u00ab&nbsp;tableaux&nbsp;\u00bb originaux, travail de la lumi\u00e8re pouss\u00e9, poses tr\u00e8s pr\u00e9cises, retouches sp\u00e9cifiques premium. Les flashs sont l\u2019outil cr\u00e9atif principal pour ces shootings photos. Ce type de s\u00e9ance s\u2019adresse aux familles souhaitant cr\u00e9er des images d\u2019Art fortes qui les repr\u00e9sentent. Pour...<\/p>\n","protected":false},"author":1,"featured_media":0,"parent":0,"menu_order":0,"comment_status":"closed","ping_status":"closed","template":"","meta":{"pp_embeds":"{}","footnotes":""},"class_list":["post-9273","page","type-page","status-publish","hentry"],"_links":{"self":[{"href":"https:\/\/www.lisegarguil.com\/blog\/wp-json\/wp\/v2\/pages\/9273","targetHints":{"allow":["GET"]}}],"collection":[{"href":"https:\/\/www.lisegarguil.com\/blog\/wp-json\/wp\/v2\/pages"}],"about":[{"href":"https:\/\/www.lisegarguil.com\/blog\/wp-json\/wp\/v2\/types\/page"}],"author":[{"embeddable":true,"href":"https:\/\/www.lisegarguil.com\/blog\/wp-json\/wp\/v2\/users\/1"}],"replies":[{"embeddable":true,"href":"https:\/\/www.lisegarguil.com\/blog\/wp-json\/wp\/v2\/comments?post=9273"}],"version-history":[{"count":6,"href":"https:\/\/www.lisegarguil.com\/blog\/wp-json\/wp\/v2\/pages\/9273\/revisions"}],"predecessor-version":[{"id":9296,"href":"https:\/\/www.lisegarguil.com\/blog\/wp-json\/wp\/v2\/pages\/9273\/revisions\/9296"}],"wp:attachment":[{"href":"https:\/\/www.lisegarguil.com\/blog\/wp-json\/wp\/v2\/media?parent=9273"}],"curies":[{"name":"wp","href":"https:\/\/api.w.org\/{rel}","templated":true}]}}