{"id":8106,"date":"2019-12-09T20:53:31","date_gmt":"2019-12-09T20:53:31","guid":{"rendered":"http:\/\/www.lisegarguil.com\/blog\/?page_id=8106"},"modified":"2019-12-09T20:56:55","modified_gmt":"2019-12-09T20:56:55","slug":"empara","status":"publish","type":"page","link":"https:\/\/www.lisegarguil.com\/blog\/empara\/","title":{"rendered":"Empara"},"content":{"rendered":"\n<div class=\"wp-block-image\"><figure class=\"aligncenter\"><a href=\"https:\/\/www.empara.fr\/cours\/photo-nouveau-ne\" target=\"_blank\" rel=\"noreferrer noopener\"><img loading=\"lazy\" decoding=\"async\" width=\"1024\" height=\"526\" src=\"https:\/\/www.lisegarguil.com\/blog\/wp-content\/uploads\/formation-empara-lise-garguil-1024x526.jpg\" alt=\"\" class=\"wp-image-8107\" srcset=\"https:\/\/www.lisegarguil.com\/blog\/wp-content\/uploads\/formation-empara-lise-garguil-1024x526.jpg 1024w, https:\/\/www.lisegarguil.com\/blog\/wp-content\/uploads\/formation-empara-lise-garguil-300x154.jpg 300w, https:\/\/www.lisegarguil.com\/blog\/wp-content\/uploads\/formation-empara-lise-garguil-768x394.jpg 768w, https:\/\/www.lisegarguil.com\/blog\/wp-content\/uploads\/formation-empara-lise-garguil-50x26.jpg 50w, https:\/\/www.lisegarguil.com\/blog\/wp-content\/uploads\/formation-empara-lise-garguil.jpg 1616w\" sizes=\"auto, (max-width: 1024px) 100vw, 1024px\" \/><\/a><\/figure><\/div>\n\n\n\n<p>Je suis formatrice officielle sur Empara avec mon amie Petra.<\/p>\n\n\n\n<p>Dans cette formation photo en ligne, vous allez  apprendre toutes les techniques de prises de vue pour faire de  magnifiques photos de b\u00e9b\u00e9.<\/p>\n\n\n\n<p>Fini le stress avant une s\u00e9ance, vous \nallez apprendre \u00e0 aller \u00e0 l\u2019essentiel, capturer l\u2019\u00e9motion et vivre le \nmoment pr\u00e9sent, pour que chaque s\u00e9ance soit toujours un plaisir ! \nD\u00e9couvrez les erreurs \u00e0 ne pas commettre, les d\u00e9tails qui font la \ndiff\u00e9rence, les transitions efficaces, pour un b\u00e9b\u00e9 sublim\u00e9 et des \nparents sous le charme, pr\u00eats \u00e0 vous recommander \u00e0 leur entourage et \u00e0 \nrevenir pour d\u2019autres s\u00e9ances.<\/p>\n\n\n\n<p>De la gestion du stress des parents  jusqu&rsquo;au traitement d&rsquo;images, tout sera abord\u00e9 pour que vous puissiez  ressortir de cette formation avec l&rsquo;int\u00e9gralit\u00e9 du processus de cr\u00e9ation  d&rsquo;images. Vous pourrez alors tester toutes ces techniques chez vous et  d\u00e9velopper votre propre style.<\/p>\n\n\n\n                                 <figure><iframe loading=\"lazy\" src=\"https:\/\/www.youtube.com\/embed\/e-hCRjErHTI\" allowfullscreen=\"\" width=\"560\" height=\"315\"><\/iframe><\/figure>\n\n\n\n<div class=\"wp-block-image\"><figure class=\"aligncenter is-resized\"><a class=\"\" href=\"https:\/\/www.empara.fr\/cours\/photo-nouveau-ne\" target=\"_blank\" rel=\"noreferrer noopener\"><img loading=\"lazy\" decoding=\"async\" src=\"https:\/\/www.lisegarguil.com\/blog\/wp-content\/uploads\/formation-empara-lise-garguil02.jpg\" alt=\"\" class=\"wp-image-8108\" width=\"740\" height=\"470\" srcset=\"https:\/\/www.lisegarguil.com\/blog\/wp-content\/uploads\/formation-empara-lise-garguil02.jpg 986w, https:\/\/www.lisegarguil.com\/blog\/wp-content\/uploads\/formation-empara-lise-garguil02-300x191.jpg 300w, https:\/\/www.lisegarguil.com\/blog\/wp-content\/uploads\/formation-empara-lise-garguil02-768x488.jpg 768w, https:\/\/www.lisegarguil.com\/blog\/wp-content\/uploads\/formation-empara-lise-garguil02-50x32.jpg 50w\" sizes=\"auto, (max-width: 740px) 100vw, 740px\" \/><\/a><figcaption>Pour acc\u00e9der \u00e0 la formation<\/figcaption><\/figure><\/div>\n","protected":false},"excerpt":{"rendered":"<p>Je suis formatrice officielle sur Empara avec mon amie Petra. Dans cette formation photo en ligne, vous allez apprendre toutes les techniques de prises de vue pour faire de magnifiques photos de b\u00e9b\u00e9. Fini le stress avant une s\u00e9ance, vous allez apprendre \u00e0 aller \u00e0 l\u2019essentiel, capturer l\u2019\u00e9motion et vivre le moment pr\u00e9sent, pour que...<\/p>\n","protected":false},"author":1,"featured_media":0,"parent":0,"menu_order":0,"comment_status":"closed","ping_status":"closed","template":"","meta":{"pp_embeds":"{}","footnotes":""},"class_list":["post-8106","page","type-page","status-publish","hentry"],"_links":{"self":[{"href":"https:\/\/www.lisegarguil.com\/blog\/wp-json\/wp\/v2\/pages\/8106","targetHints":{"allow":["GET"]}}],"collection":[{"href":"https:\/\/www.lisegarguil.com\/blog\/wp-json\/wp\/v2\/pages"}],"about":[{"href":"https:\/\/www.lisegarguil.com\/blog\/wp-json\/wp\/v2\/types\/page"}],"author":[{"embeddable":true,"href":"https:\/\/www.lisegarguil.com\/blog\/wp-json\/wp\/v2\/users\/1"}],"replies":[{"embeddable":true,"href":"https:\/\/www.lisegarguil.com\/blog\/wp-json\/wp\/v2\/comments?post=8106"}],"version-history":[{"count":3,"href":"https:\/\/www.lisegarguil.com\/blog\/wp-json\/wp\/v2\/pages\/8106\/revisions"}],"predecessor-version":[{"id":8111,"href":"https:\/\/www.lisegarguil.com\/blog\/wp-json\/wp\/v2\/pages\/8106\/revisions\/8111"}],"wp:attachment":[{"href":"https:\/\/www.lisegarguil.com\/blog\/wp-json\/wp\/v2\/media?parent=8106"}],"curies":[{"name":"wp","href":"https:\/\/api.w.org\/{rel}","templated":true}]}}