{"id":5302,"date":"2015-02-28T21:53:36","date_gmt":"2015-02-28T21:53:36","guid":{"rendered":"http:\/\/www.lisegarguil.com\/blog\/?page_id=5302"},"modified":"2022-05-11T14:20:13","modified_gmt":"2022-05-11T14:20:13","slug":"ateliers","status":"publish","type":"page","link":"https:\/\/www.lisegarguil.com\/blog\/ateliers\/","title":{"rendered":"Ateliers One to One"},"content":{"rendered":"<p style=\"text-align: justify;\">Depuis 2014 je dispense des Ateliers de formation en seul \u00e0 seul pour les photographes dans ma maison-studio. Durant une journ\u00e9e, venez photographier des b\u00e9b\u00e9s \u00e0 mes c\u00f4t\u00e9s! Le fait que vous soyez seul me permet de personnaliser au maximum les 8h que nous allons passer ensemble.\u00a0 Ma priorit\u00e9 en photographie de nouveau-n\u00e9 est de d\u00e9ranger le moins possible les b\u00e9b\u00e9s tout en cr\u00e9ant de magnifiques images pour leurs parents. Les s\u00e9ances se d\u00e9roulent dans le calme et la bonne humeur, dans le respect du b\u00e9b\u00e9 et de sa famille. La formation a pour vocation de vous prodiguer une exp\u00e9rience unique, enrichissante, qui vous permettra de gagner la confiance requise pour \u00eatre un bon photographe de nouveau-n\u00e9.<\/p>\n<p>Mes formations <b>s&rsquo;adaptent au niveau du stagiaire<\/b>. <b>Pour les d\u00e9butant, ou les interm\u00e9diaires<\/b>.\u00a0 Je propose une optimisation de temps et d&rsquo;\u00e9nergie durant les shootings, pour vivre ce m\u00e9tier dans le plaisir et l&rsquo;\u00e9panouissement cr\u00e9atif, au lieu d&rsquo;\u00eatre dans le stress des diktats du monde du \u00ab\u00a0newborn possing\u00a0\u00bb. <b>Je privil\u00e9gie l&rsquo;enveloppement<\/b>. <b>Je n&rsquo;enseigne pas<\/b> un catalogue de poses compliqu\u00e9s, notamment les poses du b\u00e9b\u00e9 nu sur le bean-bag. Nous prenons le temps n\u00e9cessaire \u00e0 chaque d\u00e9cor, je privil\u00e9gie qualit\u00e9 \u00e0 quantit\u00e9.<\/p>\n<p>Depuis 2018 les ateliers peuvent \u00eatre partiellement pris en charge par le FAFCEA selon certains crit\u00e8res. Attention toute r\u00e9servation est d\u00e9finitive, que la demande de financement soit accept\u00e9e ou non par la suite.<\/p>\n<p><strong>Le one to two est possible. Vous pouvez tout \u00e0 fait venir faire la formation avec un(e) coll\u00e8gue photographe, \u00e0 condition que vos niveaux de comp\u00e9tences soient \u00e9quivalents. La formation passe \u00e0 750\u20ac par personne.<\/strong><\/p>\n<p>Les formations ont lieu en Vend\u00e9e sur la commune de St Vincent sur Graon 85540.<\/p>\n<p>La formation peut \u00eatre dispens\u00e9e en lumi\u00e8re naturelle et\/ou artificielle au choix.<\/p>\n<p style=\"text-align: center;\">Pour davantage d&rsquo;informations et recevoir la plaquette d\u00e9taill\u00e9e, me contacter par mail \u00e0 contact@lisegarguil.com<\/p>\n<p>Lise travail avec Fotostudio depuis 2019. Fotostudio est un outil de gestion sp\u00e9cialement con\u00e7u pour les photographes. Utilisez le code <strong>FS2002<\/strong> et gagnez 1 mois offert.<\/p>\n<p style=\"text-align: center;\"><a href=\"https:\/\/amzn.eu\/7evHOpe\">Mon mat\u00e9riel<\/a><\/p>\n<p><a href=\"https:\/\/www.lisegarguil.com\/blog\/wp-content\/uploads\/10-5302-page\/Atelier-One-to-One-2021-scaled.jpg\"><img loading=\"lazy\" decoding=\"async\" class=\"alignright size-full wp-image-8541\" src=\"https:\/\/www.lisegarguil.com\/blog\/wp-content\/uploads\/10-5302-page\/Atelier-One-to-One-2021-scaled.jpg\" alt=\"\" width=\"2560\" height=\"1648\" srcset=\"https:\/\/www.lisegarguil.com\/blog\/wp-content\/uploads\/10-5302-page\/Atelier-One-to-One-2021-scaled.jpg 2560w, https:\/\/www.lisegarguil.com\/blog\/wp-content\/uploads\/10-5302-page\/Atelier-One-to-One-2021-300x193.jpg 300w, https:\/\/www.lisegarguil.com\/blog\/wp-content\/uploads\/10-5302-page\/Atelier-One-to-One-2021-1024x659.jpg 1024w, https:\/\/www.lisegarguil.com\/blog\/wp-content\/uploads\/10-5302-page\/Atelier-One-to-One-2021-768x495.jpg 768w, https:\/\/www.lisegarguil.com\/blog\/wp-content\/uploads\/10-5302-page\/Atelier-One-to-One-2021-1536x989.jpg 1536w, https:\/\/www.lisegarguil.com\/blog\/wp-content\/uploads\/10-5302-page\/Atelier-One-to-One-2021-2048x1319.jpg 2048w, https:\/\/www.lisegarguil.com\/blog\/wp-content\/uploads\/10-5302-page\/Atelier-One-to-One-2021-50x32.jpg 50w\" sizes=\"auto, (max-width: 2560px) 100vw, 2560px\" \/><\/a><\/p>\n<p style=\"text-align: center;\">\u00a0<\/p>\n<p><span style=\"border-radius: 2px; text-indent: 20px; width: auto; padding: 0px 4px 0px 0px; text-align: center; font: bold 11px\/20px 'Helvetica Neue',Helvetica,sans-serif; color: #ffffff; background: #bd081c no-repeat scroll 3px 50% \/ 14px 14px; position: absolute; opacity: 1; z-index: 8675309; display: none; cursor: pointer; top: 76px; left: 198px;\">Enregistrer<\/span><\/p>\n<p><span style=\"border-radius: 2px; text-indent: 20px; width: auto; padding: 0px 4px 0px 0px; text-align: center; font: bold 11px\/20px 'Helvetica Neue',Helvetica,sans-serif; color: #ffffff; background: #bd081c no-repeat scroll 3px 50% \/ 14px 14px; position: absolute; opacity: 1; z-index: 8675309; display: none; cursor: pointer; top: 252px; left: 198px;\">Enregistrer<\/span><\/p>\n<p><span style=\"border-radius: 2px; text-indent: 20px; width: auto; padding: 0px 4px 0px 0px; text-align: center; font: bold 11px\/20px 'Helvetica Neue',Helvetica,sans-serif; color: #ffffff; background: #bd081c no-repeat scroll 3px 50% \/ 14px 14px; position: absolute; opacity: 1; z-index: 8675309; display: none; cursor: pointer; top: 212px; left: 198px;\">Enregistrer<\/span><\/p>\n<p><span style=\"border-radius: 2px; text-indent: 20px; width: auto; padding: 0px 4px 0px 0px; text-align: center; font: bold 11px\/20px 'Helvetica Neue',Helvetica,sans-serif; color: #ffffff; background: #bd081c no-repeat scroll 3px 50% \/ 14px 14px; position: absolute; opacity: 1; z-index: 8675309; display: none; cursor: pointer;\">Enregistrer<\/span><\/p>\n<p><span style=\"border-radius: 2px; text-indent: 20px; width: auto; padding: 0px 4px 0px 0px; text-align: center; font: bold 11px\/20px 'Helvetica Neue',Helvetica,sans-serif; color: #ffffff; background: #bd081c no-repeat scroll 3px 50% \/ 14px 14px; position: absolute; opacity: 1; z-index: 8675309; display: none; cursor: pointer;\">Enregistrer<\/span><\/p>\n<p><span style=\"border-radius: 2px; text-indent: 20px; width: auto; padding: 0px 4px 0px 0px; text-align: center; font: bold 11px\/20px 'Helvetica Neue',Helvetica,sans-serif; color: #ffffff; background: #bd081c no-repeat scroll 3px 50% \/ 14px 14px; position: absolute; opacity: 1; z-index: 8675309; display: none; cursor: pointer; top: 236px; left: 198px;\">Enregistrer<\/span><\/p>\n<p><span style=\"border-radius: 2px; text-indent: 20px; width: auto; padding: 0px 4px 0px 0px; text-align: center; font: bold 11px\/20px 'Helvetica Neue',Helvetica,sans-serif; color: #ffffff; background: #bd081c no-repeat scroll 3px 50% \/ 14px 14px; position: absolute; opacity: 1; z-index: 8675309; display: none; cursor: pointer;\">Enregistrer<\/span><\/p>\n<p><span style=\"border-radius: 2px; text-indent: 20px; width: auto; padding: 0px 4px 0px 0px; text-align: center; font: bold 11px\/20px 'Helvetica Neue',Helvetica,sans-serif; color: #ffffff; background: #bd081c no-repeat scroll 3px 50% \/ 14px 14px; position: absolute; opacity: 1; z-index: 8675309; display: none; cursor: pointer; top: 236px; left: 198px;\">Enregistrer<\/span><\/p>\n<p><span style=\"border-radius: 2px; text-indent: 20px; width: auto; padding: 0px 4px 0px 0px; text-align: center; font: bold 11px\/20px 'Helvetica Neue',Helvetica,sans-serif; color: #ffffff; background: #bd081c no-repeat scroll 3px 50% \/ 14px 14px; position: absolute; opacity: 1; z-index: 8675309; display: none; cursor: pointer; top: 236px; left: 198px;\">Enregistrer<\/span><\/p>\n<p><span style=\"border-radius: 2px; text-indent: 20px; width: auto; padding: 0px 4px 0px 0px; text-align: center; font: bold 11px\/20px 'Helvetica Neue',Helvetica,sans-serif; color: #ffffff; background: #bd081c no-repeat scroll 3px 50% \/ 14px 14px; position: absolute; opacity: 1; z-index: 8675309; display: none; cursor: pointer; top: 2948px; left: 198px;\">Enregistrer<\/span><\/p>\n\n\n\n\t\t<style type=\"text\/css\">\n\t\t\t#gallery-1 {\n\t\t\t\tmargin: auto;\n\t\t\t}\n\t\t\t#gallery-1 .gallery-item {\n\t\t\t\tfloat: left;\n\t\t\t\tmargin-top: 10px;\n\t\t\t\ttext-align: center;\n\t\t\t\twidth: 33%;\n\t\t\t}\n\t\t\t#gallery-1 img {\n\t\t\t\tborder: 2px solid #cfcfcf;\n\t\t\t}\n\t\t\t#gallery-1 .gallery-caption {\n\t\t\t\tmargin-left: 0;\n\t\t\t}\n\t\t\t\/* see gallery_shortcode() in wp-includes\/media.php *\/\n\t\t<\/style>\n\t\t<div id='gallery-1' class='gallery galleryid-5302 gallery-columns-3 gallery-size-thumbnail'><dl class='gallery-item'>\n\t\t\t<dt class='gallery-icon landscape'>\n\t\t\t\t<a href='https:\/\/www.lisegarguil.com\/blog\/le-studio\/dsc_6725\/'><img loading=\"lazy\" decoding=\"async\" width=\"150\" height=\"150\" src=\"https:\/\/www.lisegarguil.com\/blog\/wp-content\/uploads\/02-6837-page\/DSC_6725-150x150.jpg\" class=\"attachment-thumbnail size-thumbnail\" alt=\"\" \/><\/a>\n\t\t\t<\/dt><\/dl><dl class='gallery-item'>\n\t\t\t<dt class='gallery-icon landscape'>\n\t\t\t\t<a href='https:\/\/www.lisegarguil.com\/blog\/imported-p6-design-file-1480625584-mgp_5883-jpg\/'><img loading=\"lazy\" decoding=\"async\" width=\"150\" height=\"150\" src=\"https:\/\/www.lisegarguil.com\/blog\/wp-content\/uploads\/pp\/images\/1480625584-MGP_5883-150x150.jpg\" class=\"attachment-thumbnail size-thumbnail\" alt=\"\" \/><\/a>\n\t\t\t<\/dt><\/dl><dl class='gallery-item'>\n\t\t\t<dt class='gallery-icon portrait'>\n\t\t\t\t<a href='https:\/\/www.lisegarguil.com\/blog\/ateliers\/dsc_5841-nb\/'><img loading=\"lazy\" decoding=\"async\" width=\"150\" height=\"150\" src=\"https:\/\/www.lisegarguil.com\/blog\/wp-content\/uploads\/03-5302-page\/DSC_5841-nb-150x150.jpg\" class=\"attachment-thumbnail size-thumbnail\" alt=\"\" \/><\/a>\n\t\t\t<\/dt><\/dl><br style=\"clear: both\" \/><dl class='gallery-item'>\n\t\t\t<dt class='gallery-icon portrait'>\n\t\t\t\t<a href='https:\/\/www.lisegarguil.com\/blog\/ateliers\/263210793_868666767135924_664793087873620882_n\/'><img loading=\"lazy\" decoding=\"async\" width=\"150\" height=\"150\" src=\"https:\/\/www.lisegarguil.com\/blog\/wp-content\/uploads\/03-5302-page\/263210793_868666767135924_664793087873620882_n-150x150.jpg\" class=\"attachment-thumbnail size-thumbnail\" alt=\"\" \/><\/a>\n\t\t\t<\/dt><\/dl><dl class='gallery-item'>\n\t\t\t<dt class='gallery-icon landscape'>\n\t\t\t\t<a href='https:\/\/www.lisegarguil.com\/blog\/le-studio\/dsc_6728\/'><img loading=\"lazy\" decoding=\"async\" width=\"150\" height=\"150\" src=\"https:\/\/www.lisegarguil.com\/blog\/wp-content\/uploads\/02-6837-page\/DSC_6728-150x150.jpg\" class=\"attachment-thumbnail size-thumbnail\" alt=\"\" \/><\/a>\n\t\t\t<\/dt><\/dl><dl class='gallery-item'>\n\t\t\t<dt class='gallery-icon landscape'>\n\t\t\t\t<a href='https:\/\/www.lisegarguil.com\/blog\/ateliers\/dsc_5837-nb\/'><img loading=\"lazy\" decoding=\"async\" width=\"150\" height=\"150\" src=\"https:\/\/www.lisegarguil.com\/blog\/wp-content\/uploads\/03-5302-page\/DSC_5837-nb-150x150.jpg\" class=\"attachment-thumbnail size-thumbnail\" alt=\"\" \/><\/a>\n\t\t\t<\/dt><\/dl><br style=\"clear: both\" \/><dl class='gallery-item'>\n\t\t\t<dt class='gallery-icon portrait'>\n\t\t\t\t<a href='https:\/\/www.lisegarguil.com\/blog\/ateliers\/backstage-garguil-photo-003\/'><img loading=\"lazy\" decoding=\"async\" width=\"150\" height=\"150\" src=\"https:\/\/www.lisegarguil.com\/blog\/wp-content\/uploads\/03-5302-page\/BACKSTAGE-GARGUIL-PHOTO-003-150x150.jpg\" class=\"attachment-thumbnail size-thumbnail\" alt=\"\" \/><\/a>\n\t\t\t<\/dt><\/dl><dl class='gallery-item'>\n\t\t\t<dt class='gallery-icon landscape'>\n\t\t\t\t<a href='https:\/\/www.lisegarguil.com\/blog\/ateliers\/marie-garguil-photo-005\/'><img loading=\"lazy\" decoding=\"async\" width=\"150\" height=\"150\" src=\"https:\/\/www.lisegarguil.com\/blog\/wp-content\/uploads\/03-5302-page\/MARIE-GARGUIL-PHOTO-005-150x150.jpg\" class=\"attachment-thumbnail size-thumbnail\" alt=\"\" \/><\/a>\n\t\t\t<\/dt><\/dl><dl class='gallery-item'>\n\t\t\t<dt class='gallery-icon landscape'>\n\t\t\t\t<a href='https:\/\/www.lisegarguil.com\/blog\/le-studio\/dsc_6731\/'><img loading=\"lazy\" decoding=\"async\" width=\"150\" height=\"150\" src=\"https:\/\/www.lisegarguil.com\/blog\/wp-content\/uploads\/02-6837-page\/DSC_6731-150x150.jpg\" class=\"attachment-thumbnail size-thumbnail\" alt=\"\" \/><\/a>\n\t\t\t<\/dt><\/dl><br style=\"clear: both\" \/><dl class='gallery-item'>\n\t\t\t<dt class='gallery-icon portrait'>\n\t\t\t\t<a href='https:\/\/www.lisegarguil.com\/blog\/ateliers\/backstage-garguil-photo-005\/'><img loading=\"lazy\" decoding=\"async\" width=\"150\" height=\"150\" src=\"https:\/\/www.lisegarguil.com\/blog\/wp-content\/uploads\/03-5302-page\/BACKSTAGE-GARGUIL-PHOTO-005-150x150.jpg\" class=\"attachment-thumbnail size-thumbnail\" alt=\"\" \/><\/a>\n\t\t\t<\/dt><\/dl><dl class='gallery-item'>\n\t\t\t<dt class='gallery-icon landscape'>\n\t\t\t\t<a href='https:\/\/www.lisegarguil.com\/blog\/ateliers\/dsc_5836-nb\/'><img loading=\"lazy\" decoding=\"async\" width=\"150\" height=\"150\" src=\"https:\/\/www.lisegarguil.com\/blog\/wp-content\/uploads\/03-5302-page\/DSC_5836-nb-150x150.jpg\" class=\"attachment-thumbnail size-thumbnail\" alt=\"\" \/><\/a>\n\t\t\t<\/dt><\/dl><dl class='gallery-item'>\n\t\t\t<dt class='gallery-icon landscape'>\n\t\t\t\t<a href='https:\/\/www.lisegarguil.com\/blog\/ateliers\/backstage-garguil-photo-007\/'><img loading=\"lazy\" decoding=\"async\" width=\"150\" height=\"150\" src=\"https:\/\/www.lisegarguil.com\/blog\/wp-content\/uploads\/03-5302-page\/BACKSTAGE-GARGUIL-PHOTO-007-150x150.jpg\" class=\"attachment-thumbnail size-thumbnail\" alt=\"\" \/><\/a>\n\t\t\t<\/dt><\/dl><br style=\"clear: both\" \/><dl class='gallery-item'>\n\t\t\t<dt class='gallery-icon portrait'>\n\t\t\t\t<a href='https:\/\/www.lisegarguil.com\/blog\/ateliers\/263152629_945895732952179_8667276041989155547_n\/'><img loading=\"lazy\" decoding=\"async\" width=\"150\" height=\"150\" src=\"https:\/\/www.lisegarguil.com\/blog\/wp-content\/uploads\/03-5302-page\/263152629_945895732952179_8667276041989155547_n-150x150.jpg\" class=\"attachment-thumbnail size-thumbnail\" alt=\"\" \/><\/a>\n\t\t\t<\/dt><\/dl><dl class='gallery-item'>\n\t\t\t<dt class='gallery-icon portrait'>\n\t\t\t\t<a href='https:\/\/www.lisegarguil.com\/blog\/ateliers\/dsc_5858-nb\/'><img loading=\"lazy\" decoding=\"async\" width=\"150\" height=\"150\" src=\"https:\/\/www.lisegarguil.com\/blog\/wp-content\/uploads\/03-5302-page\/DSC_5858-nb-150x150.jpg\" class=\"attachment-thumbnail size-thumbnail\" alt=\"\" \/><\/a>\n\t\t\t<\/dt><\/dl><dl class='gallery-item'>\n\t\t\t<dt class='gallery-icon portrait'>\n\t\t\t\t<a href='https:\/\/www.lisegarguil.com\/blog\/ateliers\/262745849_266726382183123_355938631987533231_n\/'><img loading=\"lazy\" decoding=\"async\" width=\"150\" height=\"150\" src=\"https:\/\/www.lisegarguil.com\/blog\/wp-content\/uploads\/03-5302-page\/262745849_266726382183123_355938631987533231_n-150x150.jpg\" class=\"attachment-thumbnail size-thumbnail\" alt=\"\" \/><\/a>\n\t\t\t<\/dt><\/dl><br style=\"clear: both\" \/><dl class='gallery-item'>\n\t\t\t<dt class='gallery-icon portrait'>\n\t\t\t\t<a href='https:\/\/www.lisegarguil.com\/blog\/ateliers\/backstage-garguil-photo-006\/'><img loading=\"lazy\" decoding=\"async\" width=\"150\" height=\"150\" src=\"https:\/\/www.lisegarguil.com\/blog\/wp-content\/uploads\/03-5302-page\/BACKSTAGE-GARGUIL-PHOTO-006-150x150.jpg\" class=\"attachment-thumbnail size-thumbnail\" alt=\"\" \/><\/a>\n\t\t\t<\/dt><\/dl><dl class='gallery-item'>\n\t\t\t<dt class='gallery-icon portrait'>\n\t\t\t\t<a href='https:\/\/www.lisegarguil.com\/blog\/ateliers\/marie-garguil-photo-003\/'><img loading=\"lazy\" decoding=\"async\" width=\"150\" height=\"150\" src=\"https:\/\/www.lisegarguil.com\/blog\/wp-content\/uploads\/03-5302-page\/MARIE-GARGUIL-PHOTO-003-150x150.jpg\" class=\"attachment-thumbnail size-thumbnail\" alt=\"\" \/><\/a>\n\t\t\t<\/dt><\/dl><dl class='gallery-item'>\n\t\t\t<dt class='gallery-icon landscape'>\n\t\t\t\t<a href='https:\/\/www.lisegarguil.com\/blog\/le-studio\/dsc_6735\/'><img loading=\"lazy\" decoding=\"async\" width=\"150\" height=\"150\" src=\"https:\/\/www.lisegarguil.com\/blog\/wp-content\/uploads\/02-6837-page\/DSC_6735-150x150.jpg\" class=\"attachment-thumbnail size-thumbnail\" alt=\"\" \/><\/a>\n\t\t\t<\/dt><\/dl><br style=\"clear: both\" \/><dl class='gallery-item'>\n\t\t\t<dt class='gallery-icon portrait'>\n\t\t\t\t<a href='https:\/\/www.lisegarguil.com\/blog\/ateliers\/marie-garguil-photo-004\/'><img loading=\"lazy\" decoding=\"async\" width=\"150\" height=\"150\" src=\"https:\/\/www.lisegarguil.com\/blog\/wp-content\/uploads\/03-5302-page\/MARIE-GARGUIL-PHOTO-004-150x150.jpg\" class=\"attachment-thumbnail size-thumbnail\" alt=\"\" \/><\/a>\n\t\t\t<\/dt><\/dl><dl class='gallery-item'>\n\t\t\t<dt class='gallery-icon portrait'>\n\t\t\t\t<a href='https:\/\/www.lisegarguil.com\/blog\/ateliers\/262671872_1400125807050783_6586119674497201624_n\/'><img loading=\"lazy\" decoding=\"async\" width=\"150\" height=\"150\" src=\"https:\/\/www.lisegarguil.com\/blog\/wp-content\/uploads\/03-5302-page\/262671872_1400125807050783_6586119674497201624_n-150x150.jpg\" class=\"attachment-thumbnail size-thumbnail\" alt=\"\" \/><\/a>\n\t\t\t<\/dt><\/dl><dl class='gallery-item'>\n\t\t\t<dt class='gallery-icon landscape'>\n\t\t\t\t<a href='https:\/\/www.lisegarguil.com\/blog\/le-studio\/dsc_6730\/'><img loading=\"lazy\" decoding=\"async\" width=\"150\" height=\"150\" src=\"https:\/\/www.lisegarguil.com\/blog\/wp-content\/uploads\/02-6837-page\/DSC_6730-150x150.jpg\" class=\"attachment-thumbnail size-thumbnail\" alt=\"\" \/><\/a>\n\t\t\t<\/dt><\/dl><br style=\"clear: both\" \/><dl class='gallery-item'>\n\t\t\t<dt class='gallery-icon portrait'>\n\t\t\t\t<a href='https:\/\/www.lisegarguil.com\/blog\/ateliers\/backstage-garguil-photo-002\/'><img loading=\"lazy\" decoding=\"async\" width=\"150\" height=\"150\" src=\"https:\/\/www.lisegarguil.com\/blog\/wp-content\/uploads\/03-5302-page\/BACKSTAGE-GARGUIL-PHOTO-002-150x150.jpg\" class=\"attachment-thumbnail size-thumbnail\" alt=\"\" \/><\/a>\n\t\t\t<\/dt><\/dl><dl class='gallery-item'>\n\t\t\t<dt class='gallery-icon landscape'>\n\t\t\t\t<a href='https:\/\/www.lisegarguil.com\/blog\/le-studio\/dsc_6727\/'><img loading=\"lazy\" decoding=\"async\" width=\"150\" height=\"150\" src=\"https:\/\/www.lisegarguil.com\/blog\/wp-content\/uploads\/02-6837-page\/DSC_6727-150x150.jpg\" class=\"attachment-thumbnail size-thumbnail\" alt=\"\" \/><\/a>\n\t\t\t<\/dt><\/dl><dl class='gallery-item'>\n\t\t\t<dt class='gallery-icon portrait'>\n\t\t\t\t<a href='https:\/\/www.lisegarguil.com\/blog\/ateliers\/marie-garguil-photo-008\/'><img loading=\"lazy\" decoding=\"async\" width=\"150\" height=\"150\" src=\"https:\/\/www.lisegarguil.com\/blog\/wp-content\/uploads\/03-5302-page\/MARIE-GARGUIL-PHOTO-008-150x150.jpg\" class=\"attachment-thumbnail size-thumbnail\" alt=\"\" \/><\/a>\n\t\t\t<\/dt><\/dl><br style=\"clear: both\" \/><dl class='gallery-item'>\n\t\t\t<dt class='gallery-icon portrait'>\n\t\t\t\t<a href='https:\/\/www.lisegarguil.com\/blog\/ateliers\/marie-garguil-photo-007\/'><img loading=\"lazy\" decoding=\"async\" width=\"150\" height=\"150\" src=\"https:\/\/www.lisegarguil.com\/blog\/wp-content\/uploads\/03-5302-page\/MARIE-GARGUIL-PHOTO-007-150x150.jpg\" class=\"attachment-thumbnail size-thumbnail\" alt=\"\" \/><\/a>\n\t\t\t<\/dt><\/dl>\n\t\t\t<br style='clear: both' \/>\n\t\t<\/div>\n\n","protected":false},"excerpt":{"rendered":"<p>Depuis 2014 je dispense des Ateliers de formation en seul \u00e0 seul pour les photographes dans ma maison-studio. Durant une journ\u00e9e, venez photographier des b\u00e9b\u00e9s \u00e0 mes c\u00f4t\u00e9s! Le fait que vous soyez seul me permet de personnaliser au maximum les 8h que nous allons passer ensemble.\u00a0 Ma priorit\u00e9 en photographie de nouveau-n\u00e9 est de...<\/p>\n","protected":false},"author":1,"featured_media":0,"parent":0,"menu_order":0,"comment_status":"closed","ping_status":"closed","template":"","meta":{"pp_embeds":"{}","footnotes":""},"class_list":["post-5302","page","type-page","status-publish","hentry"],"_links":{"self":[{"href":"https:\/\/www.lisegarguil.com\/blog\/wp-json\/wp\/v2\/pages\/5302","targetHints":{"allow":["GET"]}}],"collection":[{"href":"https:\/\/www.lisegarguil.com\/blog\/wp-json\/wp\/v2\/pages"}],"about":[{"href":"https:\/\/www.lisegarguil.com\/blog\/wp-json\/wp\/v2\/types\/page"}],"author":[{"embeddable":true,"href":"https:\/\/www.lisegarguil.com\/blog\/wp-json\/wp\/v2\/users\/1"}],"replies":[{"embeddable":true,"href":"https:\/\/www.lisegarguil.com\/blog\/wp-json\/wp\/v2\/comments?post=5302"}],"version-history":[{"count":33,"href":"https:\/\/www.lisegarguil.com\/blog\/wp-json\/wp\/v2\/pages\/5302\/revisions"}],"predecessor-version":[{"id":8889,"href":"https:\/\/www.lisegarguil.com\/blog\/wp-json\/wp\/v2\/pages\/5302\/revisions\/8889"}],"wp:attachment":[{"href":"https:\/\/www.lisegarguil.com\/blog\/wp-json\/wp\/v2\/media?parent=5302"}],"curies":[{"name":"wp","href":"https:\/\/api.w.org\/{rel}","templated":true}]}}